{"id":991,"date":"2019-08-26T17:29:04","date_gmt":"2019-08-26T15:29:04","guid":{"rendered":"http:\/\/feelimage.at\/web\/?page_id=991"},"modified":"2020-04-10T10:57:21","modified_gmt":"2020-04-10T08:57:21","slug":"agbs","status":"publish","type":"page","link":"https:\/\/feelimage.at\/web\/agbs\/","title":{"rendered":"AGBs"},"content":{"rendered":"<h3><strong>1. Anwendbarkeit und Geltungsbereich der AGB <\/strong><\/h3>\n<ul>\n<li>Diese AGB gelangen f\u00fcr s\u00e4mtliche Auftrage von feel image &#8211; Fotografie e.U. (\u201efeel image\u201c) zur Anwendung. Sofern sich einzelne Bestimmungen dieser AGB gezielt an Verbraucher oder Unternehmer iSd KSchG richten, gelten sie nur gegen\u00fcber diesen.<\/li>\n<li>feel image erbringt ihre Leistungen ausschlie\u00dflich auf der Grundlage dieser AGB. Mit der Auftragserteilung erkennt der Kunde deren Anwendbarkeit an und stimmt diesen zu. Diese AGB gelten &#8211; sofern keine \u00c4nderung durch feel image bekannt gegeben wird &#8211; auch f\u00fcr alle k\u00fcnftigen Gesch\u00e4ftsbeziehungen, selbst wenn nicht ausdr\u00fccklich auf sie Bezug genommen wird. Etwaige AGB des Kunden werden nicht Vertragsinhalt.<\/li>\n<li>Angebote von feel image sind freibleibend und unverbindlich, soweit im Einzelnen nichts anderes schriftlich vereinbart ist.<\/li>\n<\/ul>\n<h3><strong>2. Urheber- und Nutzungsrecht <\/strong><\/h3>\n<ul>\n<li>Alle Urheber- und Leistungsschutzrechte des Lichtbildherstellers (\u00a7\u00a7 1, 2 Abs 2, 73 ff UrhG) stehen feel image zu. Nutzungsbewilligungen (Ver\u00f6ffentlichungsrechte etc) gelten nur bei ausdr\u00fccklicher Vereinbarung als erteilt. Der Kunde erwirbt in diesem Fall \u2013 soweit nicht schriftlich anderes vereinbart ist \u2013 eine einfache (nicht exklusive und nicht ausschlie\u00dfende), nicht \u00fcbertragbare (nicht abtretbare) Nutzungsbewilligung f\u00fcr den ausdr\u00fccklich vereinbarten Verwendungszweck und innerhalb der vereinbarten Grenzen (Medium, Auflageziffer, zeitliche und \u00f6rtliche Beschr\u00e4nkung etc); im Zweifel ist der in der Rechnung bzw im Lieferschein angef\u00fchrte Nutzungsumfang ma\u00dfgebend. Jedenfalls erwirbt der Kunde nur so viele Rechte, wie es dem offengelegten Zweck des Vertrages (erteilten Auftrages) entspricht. Mangels anderer schriftlicher Vereinbarung gilt die Nutzungsbewilligung nur f\u00fcr eine einmalige Ver\u00f6ffentlichung (in einer Auflage), nur f\u00fcr das ausdr\u00fccklich bezeichnete Medium des Kunden und nicht f\u00fcr Werbezwecke als erteilt.<\/li>\n<li>Jede Ver\u00e4nderung des Lichtbildes bedarf der schriftlichen Zustimmung von feel image. Dies gilt nur dann nicht, wenn die \u00c4nderung nach dem, feel image bekannten Vertragszweck erforderlich ist.<\/li>\n<li>Die Nutzungsbewilligung gilt erst im Fall vollst\u00e4ndiger Bezahlung des vereinbarten Aufnahme- und Verwendungshonorars und nur dann als erteilt, wenn eine ordnungsgem\u00e4\u00dfe Herstellerbezeichnung \/ Namensnennung (Punkt 3.1.) erfolgt.<\/li>\n<li>Eine Vervielf\u00e4ltigung oder Verbreitung von Lichtbildern in Onlinedatenbanken, in elektronischen Archiven, im Internet oder in Intranets, welche nicht nur f\u00fcr den internen Gebrauch des Kunden bestimmt sind, sowie auf Datentr\u00e4gern ist nur auf Grund einer besonderen Vereinbarung zwischen feel image und dem Kunden gestattet.<\/li>\n<li>Bei Ver\u00f6ffentlichung des Lichtbildes durch den Kunden im Internet ist feel image die Domain mitzuteilen.<\/li>\n<\/ul>\n<h3><strong>3. Herstellerbezeichnung und Kennzeichnung<\/strong><\/h3>\n<ul>\n<li>Soweit nicht abweichend schriftlich vereinbart, ist der Kunde bei jeder Nutzung (Vervielf\u00e4ltigung, Verbreitung, Sendung etc) verpflichtet, die Herstellerbezeichnung (Namensnennung) bzw den Copyrightvermerk im Sinn des WURA (Welturheberrechtsabkommen) deutlich und gut lesbar (sichtbar), insbesonders nicht gest\u00fcrzt und in Normallettern, unmittelbar beim Lichtbild und diesem eindeutig zuordenbar anzubringen wie folgt:<\/li>\n<\/ul>\n<p style=\"text-align: center;\"><strong>Foto: \u00a9 feelimage \/ Matern<\/strong><\/p>\n<p>Jedenfalls gilt diese Bestimmung als Anbringung der Herstellerbezeichnung im Sinn des \u00a7&nbsp;74&nbsp;Abs 3 UrhG. Ist das Lichtbild auf der Vorderseite (im Bild) signiert, ersetzt die Ver\u00f6ffentlichung dieser Signatur nicht den vorstehend beschriebenen Herstellervermerk.<\/p>\n<ul>\n<li>Feel image ist berechtigt, die Lichtbilder sowie die digitalen Bilddateien in jeder ihr geeignet erscheinenden Weise (auch auf der Vorderseite) mit ihrer Herstellerbezeichnung zu versehen. Der Kunde ist verpflichtet, f\u00fcr die Integrit\u00e4t der Herstellerbezeichnung zu sorgen und zwar insbesondere bei erlaubter Weitergabe an Dritte (Drucker etc). Erforderlichenfalls ist die Herstellerbezeichnung anzubringen bzw zu erneuern. Dies gilt insbesondere auch f\u00fcr alle bei der Herstellung erstellten Vervielf\u00e4ltigungsmittel bzw bei der Anfertigung von Kopien digitaler Bilddateien.<\/li>\n<li>Der Kunde ist verpflichtet, digitale Lichtbilder so zu speichern, dass die Herstellerbezeichnung mit den Bildern elektronisch verkn\u00fcpft bleibt, sodass sie bei jeder Art von Daten\u00fcbertragung erhalten bleibt und feel image als Urheberin der Bilder klar und eindeutig identifizierbar ist.<\/li>\n<\/ul>\n<h3><strong>4. Eigentum am Filmmaterial und Archivierung<\/strong><\/h3>\n<ul>\n<li>Das Eigentumsrecht an den Bilddateien bei digitaler Fotografie steht feel image zu. Ein Recht auf \u00dcbergabe digitaler Bilddateien besteht nur nach ausdr\u00fccklich schriftlicher Vereinbarung und betrifft \u2013 sollte keine abweichende Vereinbarung bestehen \u2013 nur eine Auswahl und nicht s\u00e4mtliche, von feel image hergestellte Bilddateien. Eine Herausgabe von Originaldateien (RAW-Dateien) erfolgt nur bei gesonderter schriftlicher Vereinbarung und Verg\u00fctung. Allf\u00e4llige \u00fcber die getroffene Vereinbarung hinausgehende Nachbearbeitungen gehen zu Lasten des Kunden und sind gesondert zu verg\u00fcten. Die Nutzungsbewilligung bemisst sich nach Punkt 2.<\/li>\n<li>Soweit nichts anderes schriftlich vereinbart ist, wird feel image die Aufnahme ohne Rechtspflicht f\u00fcr die Dauer von einem Jahr archivieren. Im Fall des Verlusts oder der Besch\u00e4digung stehen dem Kunden keinerlei Anspr\u00fcche zu.<\/li>\n<\/ul>\n<h3><strong>5. Nebenpflichten <\/strong><\/h3>\n<ul>\n<li>F\u00fcr die Einholung allenfalls erforderlicher Werknutzungsbewilligungen Dritter und der Zustimmung zur Abbildung von Personen hat der Kunde zu sorgen. Er h\u00e4lt feel image diesbez\u00fcglich schad- und klaglos, insbesondere hinsichtlich von Anspr\u00fcchen aus dem Recht auf das eigene Bild gem\u00e4\u00df \u00a7 78 UrhG sowie hinsichtlich von Verwendungsanspr\u00fcchen gem\u00e4\u00df \u00a7 1041 ABGB. Feel image garantiert die Zustimmung von Berechtigten nur im Fall ausdr\u00fccklicher schriftlicher Zusage f\u00fcr die vertraglichen Verwendungszwecke (Punkt 2.).<\/li>\n<li>Sollte feel image vom Kunden mit der elektronischen Bearbeitung fremder Lichtbilder beauftragt werden, so versichert der Kunde, dass er hierzu berechtigt ist und stellt feel image von allen Anspr\u00fcchen Dritter frei, die auf eine Verletzung dieser Pflicht beruhen.<\/li>\n<li>Der Kunde verpflichtet sich, etwaige Aufnahmeobjekte unverz\u00fcglich nach der Aufnahme wieder abzuholen. Werden diese Objekte nach Aufforderung nicht sp\u00e4testens nach zwei Werktagen abgeholt, ist feel image berechtigt, Lagerkosten zu berechnen oder die Gegenst\u00e4nde auf Kosten des Kunden einzulagern. Transport- und Lagerkosten gehen hierbei zu Lasten des Kunden.<\/li>\n<\/ul>\n<h3><strong>6. Verlust und Besch\u00e4digung<\/strong><\/h3>\n<ul>\n<li>Im Fall des Verlusts oder der Besch\u00e4digung von \u00fcber Auftrag hergestellten Aufnahmen (digitale Bilddateien) haftet feel image \u2013 aus welchem Rechtstitel auch immer \u2013 nur f\u00fcr Vorsatz und grobe Fahrl\u00e4ssigkeit. Die Haftung ist auf eigenes Verschulden und dasjenige ihrer Bediensteten beschr\u00e4nkt; f\u00fcr Dritte (Labors etc) haftet feel image nur bei Vorsatz und grober Fahrl\u00e4ssigkeit bei der Auswahl. Jede Haftung ist auf die Materialkosten und die kostenlose Wiederholung der Aufnahmen (sofern und soweit dies m\u00f6glich ist) beschr\u00e4nkt. Weitere Anspr\u00fcche stehen dem Kunden nicht zu; feel image haftet insbesondere nicht f\u00fcr allf\u00e4llige Reise- und Aufenthaltsspesen sowie f\u00fcr Drittkosten (Models, Assistenten, Visagisten und sonstiges Aufnahmepersonal, Mietkosten von Foto-Locations) oder f\u00fcr entgangenen Gewinn, Folge- und immaterielle Sch\u00e4den.<\/li>\n<li>Gegen\u00fcber Unternehmern haftet feel image nur dann, wenn vom Gesch\u00e4digten grobe Fahrl\u00e4ssigkeit nachgewiesen wird. Ersatzanspr\u00fcche verj\u00e4hren nach 3 Monaten ab Kenntnis von Schaden und Sch\u00e4diger, jedenfalls aber in 10 Jahren nach Erbringung der Leistung oder Lieferung.<\/li>\n<li>Gegen\u00fcber Verbrauchern haftet feel image nicht f\u00fcr Sch\u00e4den aufgrund leichter Fahrl\u00e4ssigkeit, ausgenommen Personensch\u00e4den.<\/li>\n<li>Punkt 6.1 gilt entsprechend f\u00fcr den Fall des Verlusts oder der Besch\u00e4digung \u00fcbergebener Vorlagen (Filme, Layouts, Display-St\u00fccke, sonstige Vorlagen etc) und \u00fcbergebener Produkte und Requisiten. Wertvolle Gegenst\u00e4nde sind vom Kunden zu versichern.<\/li>\n<\/ul>\n<h3><strong>7. Vorzeitige Vertragsaufl\u00f6sung <\/strong><\/h3>\n<ul>\n<li>Feel image ist berechtigt, den Vertrag mit sofortiger Wirkung aus wichtigen Gr\u00fcnden aufzul\u00f6sen.<\/li>\n<\/ul>\n<p>Als wichtiger Grund gilt insbesondere:<\/p>\n<ul>\n<li>bei \u00dcberschuldung, Zahlungsunf\u00e4higkeit oder Er\u00f6ffnung eines Insolvenzverfahrens \u00fcber das Verm\u00f6gen des Kunden oder Abweisung eines Antrages auf Verfahrenser\u00f6ffnung mangels kostendeckenden Verm\u00f6gens;<\/li>\n<li>wenn der Kunde seine Zahlungen einstellt, bzw. berechtigte Bedenken hinsichtlich der Bonit\u00e4t des Kunden bestehen und dieser nach Aufforderung von feel image weder Vorauszahlungen noch eine taugliche Sicherheit leistet;<\/li>\n<li>wenn die Ausf\u00fchrung der Leistung aus Gr\u00fcnden, welche vom Kunden zu vertreten sind, unm\u00f6glich wird oder trotz Setzung einer 14t\u00e4gigen Nachfrist weiters verz\u00f6gert wird; oder<\/li>\n<li>der Kunde trotz schriftlicher Abmahnung mit einer Nachfristsetzung von 14 Tagen fortgesetzt gegen wesentliche Verpflichtungen aus dem Vertrag, wie etwa der Zahlung eines f\u00e4llig gestellten Teilbetrages oder Mitwirkungspflichten, verst\u00f6\u00dft.<\/li>\n<\/ul>\n<h3><strong>8. Lieferumfang, Leistung und Gew\u00e4hrleistung <\/strong><\/h3>\n<ul>\n<li>Feel image wird die Bilder sorgf\u00e4ltig ausw\u00e4hlen, die dem Kunden zur Abnahme vorgelegt werden. Der Kunde hat keinen Anspruch auf Zurverf\u00fcgungstellung s\u00e4mtlicher Bilder.<\/li>\n<li>Feel image wird den erteilten Auftrag sorgf\u00e4ltig ausf\u00fchren. Sie kann den Auftrag auch zur G\u00e4nze oder zum Teil durch Dritte ausf\u00fchren lassen. Sofern der Kunde keine schriftlichen Anordnungen trifft, ist feel image hinsichtlich der Art der Durchf\u00fchrung des Auftrags frei. Dies gilt insbesondere f\u00fcr die Bildgestaltung, die Auswahl der Fotomodels, des Aufnahmeortes und der angewendeten fotografischen Mittel. Abweichungen von fr\u00fcheren Lieferungen stellen als solche keinen Mangel dar.<\/li>\n<li>F\u00fcr M\u00e4ngel, die auf unrichtige oder ungenaue Anweisungen des Kunden zur\u00fcckzuf\u00fchren sind, haftet feel image nicht (\u00a7 1168a ABGB). Jedenfalls haftet feel image nur f\u00fcr Vorsatz und grobe Fahrl\u00e4ssigkeit.<\/li>\n<li>Der Kunde tr\u00e4gt das Risiko f\u00fcr alle Umst\u00e4nde, die nicht in der Person von feel image liegen, wie Wetterlage bei Au\u00dfenaufnahmen, rechtzeitige Bereitstellung von Produkten und Requisiten, Ausfall von Models, Reisebehinderungen etc.<\/li>\n<li>Sendungen reisen auf Kosten und Gefahr des Kunden.<\/li>\n<li>Gegen\u00fcber Unternehmern beh\u00e4lt sich feel image &#8211; abgesehen von jenen F\u00e4llen, in denen dem Kunden von Gesetzes wegen das Recht auf Wandlung zusteht &#8211; vor, den Gew\u00e4hrleistungsanspruch nach ihrer Wahl durch Verbesserung, Austausch oder Preisminderung zu erf\u00fcllen. Der Kunde hat diesbez\u00fcglich stets zu beweisen, dass der Mangel zum \u00dcbergabezeitpunkt bereits vorhanden war. Die Ware ist nach der Ablieferung unverz\u00fcglich zu untersuchen. Dabei festgestellte M\u00e4ngel sind ebenso unverz\u00fcglich, sp\u00e4testens aber innerhalb von 8 Tagen nach Ablieferung, unter Bekanntgabe von Art und Umfang des Mangels gegen\u00fcber feel image schriftlich bekanntzugeben. Verdeckte M\u00e4ngel sind unverz\u00fcglich nach ihrer Entdeckung zu r\u00fcgen. Wird eine M\u00e4ngelr\u00fcge nicht oder nicht rechtzeitig erhoben, so gilt die Ware als genehmigt. Die Geltendmachung von Gew\u00e4hrleistung oder Schadenersatzanspr\u00fcchen einschlie\u00dflich von Mangelfolgesch\u00e4den sowie das Recht auf Irrtumsanfechtung auf Grund von M\u00e4ngeln, sind in diesen F\u00e4llen ausgeschlossen. Die Gew\u00e4hrleistungsfrist betr\u00e4gt 3 Monate.<\/li>\n<li>F\u00fcr unerhebliche M\u00e4ngel wird nicht gehaftet. Farbdifferenzen bei Nachbestellung gelten nicht als erheblicher Mangel. Punkt 6.1 gilt sinngem\u00e4\u00df.<\/li>\n<li>F\u00fcr feste Auftragstermine wird nur bei ausdr\u00fccklicher schriftlicher Vereinbarung gehaftet. Im Fall allf\u00e4lliger Lieferverz\u00f6gerungen gilt 6.1 sinngem\u00e4\u00df.<\/li>\n<li>Unternehmer als Vertragspartner haben geringf\u00fcgige Lieferfrist\u00fcberschreitungen jedenfalls zu akzeptieren, ohne dass dem Kunden ein Schadenersatzanspruch oder ein R\u00fccktrittsrecht zusteht.<\/li>\n<\/ul>\n<h3><strong>9. Werk-Honorar <\/strong><\/h3>\n<ul>\n<li>Mangels ausdr\u00fccklicher schriftlicher Vereinbarung steht feel image ein Werk-Honorar nach ihren jeweils g\u00fcltigen Preislisten, ansonsten ein angemessenes Honorar, zu.<\/li>\n<li>Das Werk-Honorar steht auch f\u00fcr Layout- oder Pr\u00e4sentationsaufnahmen sowie dann zu, wenn eine Verwertung unterbleibt oder von der Entscheidung Dritter abh\u00e4ngt. Auf das Werk-Honorar wird in diesen F\u00e4llen keine Preisreduktionen gew\u00e4hrt.<\/li>\n<li>Alle Material- und sonstigen Kosten (Requisiten, Produkte, Models, Reisekosten, Aufenthaltsspesen, Visagisten etc), auch wenn deren Beschaffung durch feel image erfolgt, sind gesondert vom Kunden zu bezahlen.<\/li>\n<li>Im Zuge der Durchf\u00fchrung der Arbeiten vom Kunden gew\u00fcnschte \u00c4nderungen gehen zu seinen Lasten.<\/li>\n<li>Konzeptionelle Leistungen (Beratung, Layout, sonstige grafische Leistungen etc) sind im Werk-Honorar nicht enthalten. Dasselbe gilt f\u00fcr einen \u00fcberdurchschnittlichen organisatorischen Aufwand oder einen solchen Besprechungsaufwand.<\/li>\n<li>Nimmt der Kunde von der Durchf\u00fchrung des erteilten Auftrages aus in seiner Sph\u00e4re liegenden Gr\u00fcnden Abstand, steht feel image mangels anderer Vereinbarung das vereinbarte Entgelt zu (siehe Punkt 12.). Im Fall unbedingt erforderlicher Terminver\u00e4nderungen (zB aus Gr\u00fcnden der Wetterlage) ist ein dem vergeblich erbrachten bzw reservierten Zeitaufwand entsprechendes Honorar und alle Nebenkosten zu bezahlen.<\/li>\n<li>Im Zweifel wird das Honorar netto vereinbart und versteht sich zuz\u00fcglich Umsatzsteuer in ihrer jeweiligen gesetzlichen H\u00f6he.<\/li>\n<li>Unternehmer als Vertragspartner verzichten auf die M\u00f6glichkeit der Aufrechnung.<\/li>\n<\/ul>\n<h3><strong>10. Lizenz-Honorar<\/strong><\/h3>\n<ul>\n<li>Sofern nicht ausdr\u00fccklich schriftlich etwas anderes vereinbart ist, steht feel image im Fall der Erteilung einer Nutzungsbewilligung ein Lizenz-Honorar (Werknutzungsentgelt) in vereinbarter oder angemessener H\u00f6he gesondert zu.<\/li>\n<\/ul>\n<h3><strong>11. Zahlung und Verzug<\/strong><\/h3>\n<ul>\n<li>Die Rechnungen sind ohne jeden Abzug und spesenfrei zahlbar. Im \u00dcberweisungsfall gilt die Zahlung erst mit Verst\u00e4ndigung von feel image vom Zahlungseingang als erfolgt.<\/li>\n<li>Bei Auftr\u00e4gen, die mehrere Einheiten umfassen, ist feel image berechtigt, nach Lieferung jeder Einzelleistung Rechnung zu legen.<\/li>\n<li>Bei Zahlungsverzug des Kunden ist feel image \u2013 unbeschadet dar\u00fcber hinausgehender Schadenersatzanspr\u00fcche \u2013 berechtigt, Verzugszinsen in der H\u00f6he von 9 % p.A. zu verrechnen.<\/li>\n<\/ul>\n<h3><strong>12. Stornierung von Auftr\u00e4gen<\/strong><\/h3>\n<ul>\n<li>Der Kunde ist berechtigt, bis 14 Tage vor Ausf\u00fchrungsbeginn vom Vertrag kostenfrei zur\u00fcckzutreten. Erfolgt der R\u00fccktritt sp\u00e4ter, aber vor Beginn des 3. Tages vor Ausf\u00fchrungsbeginn, so ist der Kunde verpflichtet, eine Stornogeb\u00fchr in H\u00f6he von 50 % der gesamten Auftragssumme zu bezahlen. Erfolgt der R\u00fccktritt nach Beginn des 3. Tages vor Ausf\u00fchrungsbeginn, so betr\u00e4gt die Stornogeb\u00fchr 100% des gesamten Auftragsbetrages.<\/li>\n<\/ul>\n<h3><strong>&nbsp;13.&nbsp;<\/strong><strong>Verwendung von Bildnissen zu Werbezwecken von feel image<\/strong><\/h3>\n<ul>\n<li>Feel image ist \u2013 sofern keine ausdr\u00fcckliche gegenteilige schriftliche Vereinbarung besteht \u2013 berechtigt, von ihr hergestellte Lichtbilder zur Bewerbung ihrer T\u00e4tigkeit zu verwenden, dh die von feel image angefertigten Lichtbilder insbesondere zu Referenzzwecken zeitlich, inhaltlich und r\u00e4umlich unbeschr\u00e4nkt zu ver\u00f6ffentlichen, zu vervielf\u00e4ltigen und zu verwenden. Der Kunde erteilt zur Ver\u00f6ffentlichung zu Werbezwecken von feel image seine ausdr\u00fcckliche Zustimmung und verzichtet auf die Geltendmachung jedweder Anspr\u00fcche, insbesondere aus dem Recht auf das eigene Bild gem\u00e4\u00df \u00a7 78 UrhG sowie auf Verwendungsanspr\u00fcche gem\u00e4\u00df \u00a7 1041 ABGB.<\/li>\n<li>Der Kunde erteilt auch unter Ber\u00fccksichtigung der geltenden Datenschutzbestimmungen seine Einwilligung, dass seine personenbezogenen Daten und insbesondere die hergestellten Lichtbilder im Sinne einer Ver\u00f6ffentlichung zu Werbezwecken von feel image verarbeitet werden.<\/li>\n<\/ul>\n<h3><strong>14. Datenschutz <\/strong><\/h3>\n<ul>\n<li>Der Kunde best\u00e4tigt die Kenntnisnahme der Datenschutzerkl\u00e4rung, in welcher alle erforderlichen Informationen zur Verarbeitung der Daten und zu seinen Rechten angef\u00fchrt sind, und welche unter <a href=\"https:\/\/feelimage.at\/web\/datenschutzerklaerung\/\">https:\/\/feelimage.at\/web\/datenschutzerklaerung\/<\/a> jederzeit f\u00fcr ihn eingesehen werden kann.<\/li>\n<\/ul>\n<h3><strong>15. Schlussbestimmungen <\/strong><\/h3>\n<ul>\n<li>Erf\u00fcllungsort und Gerichtsstand ist der Unternehmenssitz von feel image.<\/li>\n<li>Im \u00dcbrigen ist \u00f6sterreichisches materielles Recht anzuwenden. Die Anwendbarkeit des UN-Kaufrechts wird ausgeschlossen. Die Vertragssprache ist deutsch.<\/li>\n<\/ul>\n<p>Sollten einzelne Bestimmungen dieser AGB unwirksam sein, so ber\u00fchrt dies die Verbindlichkeit der \u00fcbrigen Bestimmungen der unter ihrer Zugrundelegung geschlossenen Vertr\u00e4ge nicht. Eine unwirksame Bestimmungen ist durch eine wirksame, die eher ihrem Sinn und Zweck am n\u00e4chsten kommt, zu ersetzen.<\/p>\n","protected":false},"excerpt":{"rendered":"<p>1. Anwendbarkeit und Geltungsbereich der AGB Diese AGB gelangen f\u00fcr s\u00e4mtliche Auftrage von feel image &#8211; Fotografie e.U. (\u201efeel image\u201c) zur Anwendung. Sofern sich einzelne Bestimmungen dieser AGB gezielt an Verbraucher oder Unternehmer iSd KSchG richten, gelten sie nur gegen\u00fcber diesen. feel image erbringt ihre Leistungen ausschlie\u00dflich auf der Grundlage dieser AGB. Mit der Auftragserteilung [&hellip;]<\/p>\n","protected":false},"author":4,"featured_media":0,"parent":0,"menu_order":0,"comment_status":"closed","ping_status":"closed","template":"","meta":{"_acf_changed":false,"footnotes":""},"class_list":["post-991","page","type-page","status-publish","hentry"],"acf":[],"_links":{"self":[{"href":"https:\/\/feelimage.at\/web\/wp-json\/wp\/v2\/pages\/991","targetHints":{"allow":["GET"]}}],"collection":[{"href":"https:\/\/feelimage.at\/web\/wp-json\/wp\/v2\/pages"}],"about":[{"href":"https:\/\/feelimage.at\/web\/wp-json\/wp\/v2\/types\/page"}],"author":[{"embeddable":true,"href":"https:\/\/feelimage.at\/web\/wp-json\/wp\/v2\/users\/4"}],"replies":[{"embeddable":true,"href":"https:\/\/feelimage.at\/web\/wp-json\/wp\/v2\/comments?post=991"}],"version-history":[{"count":7,"href":"https:\/\/feelimage.at\/web\/wp-json\/wp\/v2\/pages\/991\/revisions"}],"predecessor-version":[{"id":1191,"href":"https:\/\/feelimage.at\/web\/wp-json\/wp\/v2\/pages\/991\/revisions\/1191"}],"wp:attachment":[{"href":"https:\/\/feelimage.at\/web\/wp-json\/wp\/v2\/media?parent=991"}],"curies":[{"name":"wp","href":"https:\/\/api.w.org\/{rel}","templated":true}]}}