{"id":886,"date":"2018-05-23T13:58:21","date_gmt":"2018-05-23T11:58:21","guid":{"rendered":"http:\/\/feelimage.at\/web\/?page_id=886"},"modified":"2023-09-04T17:15:15","modified_gmt":"2023-09-04T15:15:15","slug":"datenschutzerklaerung","status":"publish","type":"page","link":"https:\/\/feelimage.at\/web\/datenschutzerklaerung\/","title":{"rendered":"Datenschutzerkl\u00e4rung"},"content":{"rendered":"<p style=\"text-align: center;\"><strong>Datenschutzinformation<\/strong><\/p>\n<p style=\"text-align: center;\"><strong>\u00a0(Art 13<\/strong><strong>\u00a0DSGVO)<\/strong><\/p>\n<p style=\"text-align: center;\"><strong>\u00a0<\/strong><\/p>\n<p>Wir, feel image \u2013 Fotografie e.U., informieren Sie gem\u00e4\u00df Art 13 der Verordnung (EU) 2016\/679 des Europ\u00e4ischen Parlaments und des Rates vom 27. April 2016 zum Schutz nat\u00fcrlicher Personen bei der Verarbeitung personenbezogener Daten, zum freien Datenverkehr und zur Aufhebung der Richtlinie 95\/46\/EG (Datenschutz-Grundverordnung) (\u201eDSGVO\u201c) \u00fcber die Verarbeitung Ihrer personenbezogenen Daten und der Ihnen daraus zustehenden Anspr\u00fcche und Rechte.<\/p>\n<h2><\/h2>\n<h2>1. Personenbezogene Daten<\/h2>\n<p>Wir erheben, verarbeiten und nutzen personenbezogene Daten, die wir im Rahmen der Gesch\u00e4ftsbeziehung von Ihnen direkt oder von Ihrem Arbeitgeber erhalten, wie Ihr Name und Ihre Kontaktdaten, oder die wir selbst anfertigen, wie Fotos.<\/p>\n<p>Personenbezogene Daten sind alle Daten, die Einzelangaben \u00fcber pers\u00f6nliche oder sachliche Verh\u00e4ltnisse enthalten, beispielsweise Name, Emailadresse, Telefonnummer und Fotos.<\/p>\n<h2><\/h2>\n<h2>2. Zwecke und Rechtsgrundlagen der Datenverarbeitung<\/h2>\n<p>Wir verarbeiten Ihre personenbezogenen Daten unter Einhaltung der datenschutz- und zivilrechtlichen Bestimmungen zu nachfolgenden Zwecken und auf Basis nachfolgender Rechtsgrundlagen:<\/p>\n<ul>\n<li>Erf\u00fcllung vertraglicher Pflichten gem\u00e4\u00df Art 6 Abs 1 lit b) DSGVO, soweit die Verarbeitung von personenbezogenen Daten notwendig ist, um unseren Auftrag (zB Erbringung von fotografischen Leistungen &#8211; wie Beautyportraits, Bewerbungsfotos, Presseportraits, aber auch Produkt- und Werbefotografie) f\u00fcr Sie durchzuf\u00fchren;<\/li>\n<li>Einwilligung gem\u00e4\u00df Art 6 Abs 1 lit a) DSGVO, soweit Sie der Verarbeitung Ihrer personenbezogenen Daten (zB bei dem Anfertigen von Mitarbeiterportraits, Nutzung Ihrer Fotos zu Werbezwecken) zugestimmt haben. Sie k\u00f6nnen eine erteilte Einwilligung jederzeit widerrufen;<\/li>\n<li>Erf\u00fcllung rechtlicher Pflichten gem\u00e4\u00df Art 6 Abs 1 lit c) DSGVO, soweit die Verarbeitung personenbezogener Daten notwendig ist, um rechtliche Verpflichtungen (zB aus der Bundesabgabenordnung oder dem Unternehmensgesetzbuch) zu erf\u00fcllen;<\/li>\n<li>Wahrung berechtigter Interessen gem\u00e4\u00df Art 6\u00a0Abs\u00a01\u00a0lit\u00a0f)\u00a0DSGVO, soweit die Verarbeitung personenbezogener Daten nach Durchf\u00fchrung einer Interessensabw\u00e4gung zugunsten von uns oder einem Dritten erforderlich ist, beispielsweise:<\/li>\n<\/ul>\n<h6>\u00a7\u00a0\u00a0\u00a0 Marketing und Werbung, soweit Sie nicht gem\u00e4\u00df\u00a0Art\u00a021 DSGVO Widerspruch erhoben haben,<\/h6>\n<h6>\u00a7\u00a0\u00a0\u00a0 Ma\u00dfnahmen zum Schutz von Angestellten, Kunden und Eigentum,<\/h6>\n<h6>\u00a7\u00a0\u00a0\u00a0 Ma\u00dfnahmen zur Rechtsverfolgung.<\/h6>\n<p>Wir verarbeiten besondere Kategorien von personenbezogenen Daten unter Einhaltung der datenschutz- und zivilrechtlichen Bestimmungen zu nachfolgenden Zwecken und auf Basis nachfolgender Rechtsgrundlagen:<\/p>\n<ul>\n<li>Einwilligung gem\u00e4\u00df Art 9 Abs 2 lit a) DSGVO, soweit Sie der Verarbeitung Ihrer personenbezogenen Daten zugestimmt haben (zB Fotos, aus denen sich sensible Daten ableiten lassen). Sie k\u00f6nnen eine erteilte Einwilligung jederzeit widerrufen.<\/li>\n<\/ul>\n<h2><\/h2>\n<h2>3.\u00a0 Auskunft und L\u00f6schung<\/h2>\n<p>Als Kunde bzw generell als Betroffener haben Sie \u2013 unter Wahrung unseres Gesch\u00e4fts- und Betriebsgeheimnisses \u2013 jederzeit das Recht auf Auskunft \u00fcber Ihre gespeicherten personenbezogenen Daten, deren Herkunft und Empf\u00e4nger und den Zweck der Datenverarbeitung sowie ein Recht auf Berichtigung, Daten\u00fcbertragung, Einschr\u00e4nkung der Bearbeitung sowie Sperrung oder L\u00f6schung unrichtiger bzw. unzul\u00e4ssig verarbeiteter Daten.<\/p>\n<p>Soweit sich die Verarbeitung Ihrer personenbezogenen Daten auf die Wahrung unserer berechtigten Interessen st\u00fctzt, haben Sie das Recht auf Widerspruch nach Ma\u00dfgabe des Art 21 Abs 1 und 2 DSGVO.<\/p>\n<p>Insoweit sich \u00c4nderungen Ihrer pers\u00f6nlichen Daten ergeben, ersuchen wir um entsprechende Mitteilung.<\/p>\n<p>Sie haben jederzeit das Recht, eine erteilte Einwilligung zur Nutzung Ihrer personenbezogenen Daten zu widerrufen.<\/p>\n<p>Ihre Eingabe auf Auskunft, L\u00f6schung, Berichtigung, Widerspruch und\/oder Daten\u00fcbertragung, im letztgenannten Fall, sofern damit nicht ein unverh\u00e4ltnism\u00e4\u00dfiger Aufwand verursacht wird, kann an die in Punkt\u00a08. dieser Erkl\u00e4rung angef\u00fchrte Anschrift gerichtet werden.<\/p>\n<p>Wenn Sie der Auffassung sind, dass die Verarbeitung Ihrer personenbezogenen Daten durch uns gegen das geltende Datenschutzrecht verst\u00f6\u00dft oder Ihre datenschutzrechtlichen Anspr\u00fcche in einer anderen Weise verletzt worden sind, besteht die M\u00f6glichkeit, sich bei der zust\u00e4ndigen Aufsichtsbeh\u00f6rde zu beschweren. In \u00d6sterreich zust\u00e4ndig ist hierf\u00fcr die Datenschutzbeh\u00f6rde.<\/p>\n<h2><\/h2>\n<h2>4.\u00a0 Datensicherheit<\/h2>\n<p>Der Schutz Ihrer personenbezogenen Daten erfolgt durch entsprechende organisatorische und technische Vorkehrungen. Diese Vorkehrungen betreffen insbesondere den Schutz vor unerlaubtem, rechtswidrigem oder auch zuf\u00e4lligem Zugriff, Verarbeitung, Verlust, Verwendung und Manipulation.<\/p>\n<p>Ungeachtet der Bem\u00fchungen der Einhaltung eines stets angemessen hohen Standes der Sorgfaltsanforderungen kann nicht ausgeschlossen werden, dass Informationen, die Sie uns \u00fcber das Internet bekannt geben, von anderen Personen eingesehen und genutzt werden.<\/p>\n<p>Bitte beachten Sie, dass wir daher keine wie immer geartete Haftung f\u00fcr die Offenlegung von Informationen aufgrund nicht von uns verursachter Fehler bei der Daten\u00fcbertragung und\/oder unautorisiertem Zugriff durch Dritte \u00fcbernehmen (zB Hackangriff auf Email-Account bzw Telefon, Abfangen von Faxen).<\/p>\n<h2><\/h2>\n<h2>5. \u00dcbermittlung von Daten an Dritte<\/h2>\n<p>Eine Weiterleitung Ihrer Daten erfolgt ausschlie\u00dflich auf Grundlage der DSGVO und des Datenschutzgesetzes (DSG), insb zur Erf\u00fcllung eines Vertragsverh\u00e4ltnisses oder aufgrund Ihrer vorherigen Einwilligung.<\/p>\n<p>Innerhalb unseres Unternehmens erhalten diejenigen Stellen und Mitarbeiter Ihre Daten, die diese zur Erf\u00fcllung der vertraglichen und gesetzlichen Pflichten und berechtigten Interessen ben\u00f6tigen.<\/p>\n<p>Von uns beauftragte Auftragsverarbeiter (zB Dienstleister, derer wir uns bedienen und denen wir Daten zur Verf\u00fcgung stellen, etc) erhalten Ihre Daten nur, sofern sie Ihre Daten zur Erf\u00fcllung ihrer jeweiligen Leistung ben\u00f6tigen. S\u00e4mtliche Auftragsverarbeiter wurden vertraglich von uns dazu verpflichtet, Ihre Daten vertraulich zu behandeln und diese ausschlie\u00dflich im Rahmen ihres Auftrags zu verwenden.<\/p>\n<p>Bei Vorliegen einer gesetzlichen Verpflichtung k\u00f6nnen \u00f6ffentliche Stellen und Institutionen Empf\u00e4nger Ihrer personenbezogenen Daten sein.<\/p>\n<p>Eine \u00dcbermittlung an Empf\u00e4nger in einem Drittland (au\u00dferhalb der EU) oder an eine internationale Organisation ist nicht vorgesehen.<\/p>\n<h2><\/h2>\n<h2>6. Bekanntgabe von Datenpannen<\/h2>\n<p>Wir sind bem\u00fcht, sicherzustellen, dass Datenpannen fr\u00fchzeitig erkannt und gegebenenfalls unverz\u00fcglich Ihnen bzw der zust\u00e4ndigen Aufsichtsbeh\u00f6rde unter Einbezug der jeweiligen Datenkategorien, die betroffen sind, gemeldet werden.<\/p>\n<h2><\/h2>\n<h2>7. Aufbewahrung der Daten<\/h2>\n<p>Ihre Daten werden auf Dauer des Vertragsverh\u00e4ltnisses und danach zumindest solange aufbewahrt, als gesetzliche Aufbewahrungsfristen bestehen, Verj\u00e4hrungsfristen potentieller Rechtsanspr\u00fcche noch nicht abgelaufen sind oder soweit Sie einer verl\u00e4ngerten Aufbewahrungsfrist zugestimmt haben.<\/p>\n<h2><\/h2>\n<h2>8. Unsere Kontaktdaten<\/h2>\n<p>Der Schutz Ihrer Daten ist uns besonders wichtig. In Datenschutzfragen sind wir f\u00fcr Sie unter den unten angef\u00fchrten Kontaktdaten jederzeit erreichbar:<\/p>\n<p>Felicitas Matern<\/p>\n<p>Castelligasse 8, 1050 Wien<\/p>\n<p>Email: matern@feelimage.at<\/p>\n<p>Telefon: 0664 \/ 13 83 381<\/p>\n<p><strong>\u00a0<\/strong><\/p>\n","protected":false},"excerpt":{"rendered":"<p>Datenschutzinformation \u00a0(Art 13\u00a0DSGVO) \u00a0 Wir, feel image \u2013 Fotografie e.U., informieren Sie gem\u00e4\u00df Art 13 der Verordnung (EU) 2016\/679 des Europ\u00e4ischen Parlaments und des Rates vom 27. April 2016 zum Schutz nat\u00fcrlicher Personen bei der Verarbeitung personenbezogener Daten, zum freien Datenverkehr und zur Aufhebung der Richtlinie 95\/46\/EG (Datenschutz-Grundverordnung) (\u201eDSGVO\u201c) \u00fcber die Verarbeitung Ihrer personenbezogenen Daten [&hellip;]<\/p>\n","protected":false},"author":4,"featured_media":0,"parent":0,"menu_order":0,"comment_status":"closed","ping_status":"closed","template":"","meta":{"_acf_changed":false,"footnotes":""},"class_list":["post-886","page","type-page","status-publish","hentry"],"acf":[],"_links":{"self":[{"href":"https:\/\/feelimage.at\/web\/wp-json\/wp\/v2\/pages\/886","targetHints":{"allow":["GET"]}}],"collection":[{"href":"https:\/\/feelimage.at\/web\/wp-json\/wp\/v2\/pages"}],"about":[{"href":"https:\/\/feelimage.at\/web\/wp-json\/wp\/v2\/types\/page"}],"author":[{"embeddable":true,"href":"https:\/\/feelimage.at\/web\/wp-json\/wp\/v2\/users\/4"}],"replies":[{"embeddable":true,"href":"https:\/\/feelimage.at\/web\/wp-json\/wp\/v2\/comments?post=886"}],"version-history":[{"count":10,"href":"https:\/\/feelimage.at\/web\/wp-json\/wp\/v2\/pages\/886\/revisions"}],"predecessor-version":[{"id":1412,"href":"https:\/\/feelimage.at\/web\/wp-json\/wp\/v2\/pages\/886\/revisions\/1412"}],"wp:attachment":[{"href":"https:\/\/feelimage.at\/web\/wp-json\/wp\/v2\/media?parent=886"}],"curies":[{"name":"wp","href":"https:\/\/api.w.org\/{rel}","templated":true}]}}