{"id":651,"date":"2018-02-09T14:30:03","date_gmt":"2018-02-09T13:30:03","guid":{"rendered":"http:\/\/feelimage.at\/web\/?page_id=651"},"modified":"2023-09-04T17:14:27","modified_gmt":"2023-09-04T15:14:27","slug":"price","status":"publish","type":"page","link":"https:\/\/feelimage.at\/web\/price\/","title":{"rendered":"Preise"},"content":{"rendered":"<h2>Businesskunden<\/h2>\n<ul>\n<li><em><strong>Fotografische Dokumentation von Firmenevents<\/strong><\/em>: Bearbeitung und digitale Lieferung der besten Bilder sowie Werknutzungsrechte sind inkludiert.<em><strong>\u00a0<\/strong><\/em>Bis zu 2 Stunden <em><strong>450,- exkl. MwSt<\/strong><\/em>. Jede weitere Stunde <em><strong>150,- exkl. MwSt<\/strong><\/em>.<\/li>\n<\/ul>\n<ul>\n<li><em><strong>Imagefotos, Pressefotos, Gesch\u00e4ftsf\u00fchrer- und Mitarbeiterportraits, Produkt- und Werbefotografie sowie K\u00fcnstlerportraits<\/strong><\/em> auf <a href=\"https:\/\/feelimage.at\/web\/contact\/\">Anfrage<\/a>.<\/li>\n<\/ul>\n<ul>\n<li>F\u00fcr jedes Shooting besteht die M\u00f6glichkeit, eine Visagistin zu buchen. Dazu arbeiten wir mit verl\u00e4sslichen und professionellen Visagistinnen (z.B. <a href=\"http:\/\/www.sandra-pichler.com\/\" target=\"_blank\" rel=\"noopener\">Sandra Pichler<\/a>, <a href=\"http:\/\/www.make-up4u.at\/\" target=\"_blank\" rel=\"noopener\">Nadja Hluchovsky<\/a>, <a href=\"http:\/\/www.martina-style.com\/\" target=\"_blank\" rel=\"noopener\">Martina Bruckner-N\u00f6hrer<\/a>, <a href=\"https:\/\/www.mariokren.com\/\">Mario Kren<\/a>) zusammen. Gerne k\u00f6nnen diese auch \u00fcber uns <a href=\"https:\/\/feelimage.at\/web\/contact\/\">angefragt<\/a> werden.<\/li>\n<\/ul>\n<h2>Privatkunden<\/h2>\n<p>F\u00fcr Studioaufnahmen kann ein Fotostudio angemietet werden, die Kosten werden je nach Dauer zus\u00e4tzlich verrechnet.<\/p>\n<ul>\n<li><em><strong>Familienfotos<\/strong><\/em>:\n<ul>\n<li>Paket klein &#8211;\u00a0 bis zu 3 Personen: 60 Minuten Fotoshooting inklusive 5 fertig bearbeiteter Bilder und Lieferung dieser digital via Mail <strong>\u2013 350<\/strong><em><strong>,- inkl. MwSt.<\/strong>\u00a0<\/em><\/li>\n<li>Paket gro\u00df\u00a0 &#8211; ab 3 Personen: bis zu 2 Stunden inklusive Kleidungswechsel und Lieferung von 12 bearbeiteten Bilder digital per Link (auch Einzelbilder oder kleinere Gruppen der Familienmitglieder m\u00f6glich) <strong>&#8211;\u00a0500<em>,- inkl. MwSt.<\/em><\/strong><\/li>\n<\/ul>\n<\/li>\n<\/ul>\n<ul>\n<li><em><strong>Paarshooting<\/strong><\/em>: Aufnahmedauer 1 Stunde inklusive 6 bearbeiteter Bilder und Lieferung dieser digital per Link (Kleiderwechsel bis zu 2-mal m\u00f6glich) <strong>&#8211;\u00a0400<em>,- inkl. MwSt.<\/em><\/strong><\/li>\n<\/ul>\n<ul>\n<li><strong>Portraits<\/strong>: Aufnahmedauer 1 Stunde inklusive 2 verschiedener Hintergr\u00fcnde. Kleidungswechsel m\u00f6glich. Lieferung von 6 bearbeiteten Bildern digital per Link inkludiert <strong>&#8211;\u00a0<em>350,- inkl. MwSt.<\/em><\/strong><\/li>\n<\/ul>\n<ul>\n<li><em><strong>Babybauch<\/strong><\/em>: Dauer bis zu 2 Stunden mit 2 verschiedenen Outfits m\u00f6glich. Wenn gew\u00fcnscht, sind Teilaktaufnahmen oder Bilder mit dem Partner\/Kind zusammen m\u00f6glich. Insgesamt Lieferung von 12 bearbeiteten Bildern digital per Link inkludiert <strong>&#8211; 450,<em>&#8211; inkl. MwSt.<\/em><\/strong><\/li>\n<\/ul>\n<ul>\n<li><em><strong>Aktaufnahmen<\/strong><\/em>:<em> Dauer bis zu 1,5 Stunden mit 2 bis 3 verschiedenen Outfits\/Dessous und verschiedenen Hintergr\u00fcnden m\u00f6glich. Lieferung von 12 bearbeiteten Bildern digital per Mail inkludiert <strong>&#8211; 500,- inkl. MwSt.<\/strong><\/em><\/li>\n<\/ul>\n<ul>\n<li><em><strong>Hochzeiten<\/strong><\/em>: Auf <a href=\"https:\/\/feelimage.at\/web\/contact\/\">Anfrage<\/a>.<\/li>\n<\/ul>\n<ul>\n<li>F\u00fcr jedes Shooting besteht die M\u00f6glichkeit, eine Visagistin zu buchen. Dazu arbeiten wir mit verl\u00e4sslichen und professionellen Visagistinnen (z.B. <a href=\"http:\/\/www.sandra-pichler.com\/\" target=\"_blank\" rel=\"noopener\">Sandra Pichler<\/a>, <a href=\"http:\/\/www.make-up4u.at\/\" target=\"_blank\" rel=\"noopener\">Nadja Hluchovsky<\/a>, <a href=\"http:\/\/www.martina-style.com\/\" target=\"_blank\" rel=\"noopener\">Martina Bruckner-N\u00f6hrer<\/a>, <a href=\"https:\/\/www.mariokren.com\/\">Mario Kren<\/a>) zusammen. Gerne k\u00f6nnen diese auch \u00fcber uns <a href=\"https:\/\/feelimage.at\/web\/contact\/\">angefragt<\/a> werden.<\/li>\n<\/ul>\n","protected":false},"excerpt":{"rendered":"<p>Businesskunden Fotografische Dokumentation von Firmenevents: Bearbeitung und digitale Lieferung der besten Bilder sowie Werknutzungsrechte sind inkludiert.\u00a0Bis zu 2 Stunden 450,- exkl. MwSt. Jede weitere Stunde 150,- exkl. MwSt. Imagefotos, Pressefotos, Gesch\u00e4ftsf\u00fchrer- und Mitarbeiterportraits, Produkt- und Werbefotografie sowie K\u00fcnstlerportraits auf Anfrage. F\u00fcr jedes Shooting besteht die M\u00f6glichkeit, eine Visagistin zu buchen. Dazu arbeiten wir mit verl\u00e4sslichen [&hellip;]<\/p>\n","protected":false},"author":4,"featured_media":0,"parent":0,"menu_order":0,"comment_status":"closed","ping_status":"closed","template":"","meta":{"_acf_changed":false,"footnotes":""},"class_list":["post-651","page","type-page","status-publish","hentry"],"acf":[],"_links":{"self":[{"href":"https:\/\/feelimage.at\/web\/wp-json\/wp\/v2\/pages\/651","targetHints":{"allow":["GET"]}}],"collection":[{"href":"https:\/\/feelimage.at\/web\/wp-json\/wp\/v2\/pages"}],"about":[{"href":"https:\/\/feelimage.at\/web\/wp-json\/wp\/v2\/types\/page"}],"author":[{"embeddable":true,"href":"https:\/\/feelimage.at\/web\/wp-json\/wp\/v2\/users\/4"}],"replies":[{"embeddable":true,"href":"https:\/\/feelimage.at\/web\/wp-json\/wp\/v2\/comments?post=651"}],"version-history":[{"count":10,"href":"https:\/\/feelimage.at\/web\/wp-json\/wp\/v2\/pages\/651\/revisions"}],"predecessor-version":[{"id":1411,"href":"https:\/\/feelimage.at\/web\/wp-json\/wp\/v2\/pages\/651\/revisions\/1411"}],"wp:attachment":[{"href":"https:\/\/feelimage.at\/web\/wp-json\/wp\/v2\/media?parent=651"}],"curies":[{"name":"wp","href":"https:\/\/api.w.org\/{rel}","templated":true}]}}